{"id":48,"date":"2021-07-11T21:49:02","date_gmt":"2021-07-11T21:49:02","guid":{"rendered":"https:\/\/hosting155493.a2ee2.netcup.net\/?page_id=48"},"modified":"2021-07-12T21:43:06","modified_gmt":"2021-07-12T21:43:06","slug":"kids-wingtsun","status":"publish","type":"page","link":"https:\/\/wingtsun-elmshorn.de\/index.php\/kids-wingtsun\/","title":{"rendered":"Kids-WingTsun"},"content":{"rendered":"<h1 style=\"text-align: left;\">SELBSTVERTEIDIGUNG F\u00dcR KINDER<\/h1>\n<p><img loading=\"lazy\" decoding=\"async\" class=\"alignright\" src=\"https:\/\/hosting155493.a2ee2.netcup.net\/wp-content\/uploads\/2021\/07\/Kids_neu-_mit_logo_web.jpg\" width=\"242\" height=\"348\" \/><\/p>\n<p>&nbsp;<\/p>\n<p style=\"text-align: left;\">Im allt\u00e4glichen Leben k\u00f6nnen Kinder immer wieder gef\u00e4hrlichen Situationen ausgesetzt sein. Diese k\u00f6nnen sowohl eine k\u00f6rperliche als auch eine psychische Bedrohung darstellen. Ein Selbstverteidigungskurs f\u00fcr Kinder ist hilfreich, damit die Kinder so fr\u00fch wie m\u00f6glich lernen, wie sie solche Situationen vermeiden k\u00f6nnen und \u2013 falls dies nicht m\u00f6glich sein sollte \u2013 wissen, was sie tun k\u00f6nnen. In der EWTO setzen wir bei unseren Selbstverteidigungskursen f\u00fcr Kinder auf ein einzigartiges Konzept, das von Polizisten, Psychologen, P\u00e4dagogen und SV-Experten entwickelt wurde. Dabei geht es nicht allein um das Erlernen von Techniken zur k\u00f6rperlichen Selbstverteidigung. Genau so wichtig ist es uns, das kindliche Selbstbewusstsein zu entwickeln. Denn wer selbstbewusst auftritt, kann sich auch in schwierigen Situationen selbst behaupten. Selbstbehauptung ist der erste und wichtigste Schritt f\u00fcr eine erfolgreiche Selbstverteidigung. Dar\u00fcber hinaus vermitteln wir den Kindern in unseren Kursen allgemeine Werte und achten auf die F\u00f6rderung von Bewegungsf\u00e4higkeit und Fitness.<\/p>\n<p style=\"text-align: left;\">Unser Unterrichtsprogramm f\u00fcr Kinderselbstverteidigung hei\u00dft Kids-WingTsun. Es handelt sich bei Kids-WingTsun um ein Konzept, das auf einer\u00a0allgemeinen Bewegungsschulung beruht und den Fokus auf die Entwicklung des Selbstbewusstseins der Kinder legt. Die k\u00f6rperliche Verteidigung stellt immer die letzte Option dar, um mit brenzlichen\u00a0Situationen umzugehen.<\/p>\n","protected":false},"excerpt":{"rendered":"<p>SELBSTVERTEIDIGUNG F\u00dcR KINDER &nbsp; Im allt\u00e4glichen Leben k\u00f6nnen Kinder immer wieder gef\u00e4hrlichen Situationen ausgesetzt sein. Diese k\u00f6nnen sowohl eine k\u00f6rperliche als auch eine psychische Bedrohung darstellen. Ein Selbstverteidigungskurs f\u00fcr Kinder ist hilfreich, damit die Kinder so fr\u00fch wie m\u00f6glich lernen, wie sie solche Situationen vermeiden k\u00f6nnen und \u2013 falls dies nicht m\u00f6glich sein sollte \u2013Continue reading &rarr;<\/p>\n","protected":false},"author":1,"featured_media":0,"parent":0,"menu_order":0,"comment_status":"closed","ping_status":"closed","template":"","meta":{"footnotes":""},"class_list":["post-48","page","type-page","status-publish","hentry","no-thumb"],"yoast_head":"<!-- This site is optimized with the Yoast SEO plugin v27.5 - https:\/\/yoast.com\/product\/yoast-seo-wordpress\/ -->\n<title>Kids-WingTsun - Wingtsun Schule Elmshorn<\/title>\n<meta name=\"robots\" content=\"index, follow, max-snippet:-1, max-image-preview:large, max-video-preview:-1\" \/>\n<link rel=\"canonical\" href=\"https:\/\/wingtsun-elmshorn.de\/index.php\/kids-wingtsun\/\" \/>\n<meta property=\"og:locale\" content=\"de_DE\" \/>\n<meta property=\"og:type\" content=\"article\" \/>\n<meta property=\"og:title\" content=\"Kids-WingTsun - Wingtsun Schule Elmshorn\" \/>\n<meta property=\"og:description\" content=\"SELBSTVERTEIDIGUNG F\u00dcR KINDER &nbsp; Im allt\u00e4glichen Leben k\u00f6nnen Kinder immer wieder gef\u00e4hrlichen Situationen ausgesetzt sein. Diese k\u00f6nnen sowohl eine k\u00f6rperliche als auch eine psychische Bedrohung darstellen. Ein Selbstverteidigungskurs f\u00fcr Kinder ist hilfreich, damit die Kinder so fr\u00fch wie m\u00f6glich lernen, wie sie solche Situationen vermeiden k\u00f6nnen und \u2013 falls dies nicht m\u00f6glich sein sollte \u2013Continue reading &rarr;\" \/>\n<meta property=\"og:url\" content=\"https:\/\/wingtsun-elmshorn.de\/index.php\/kids-wingtsun\/\" \/>\n<meta property=\"og:site_name\" content=\"Wingtsun Schule Elmshorn\" \/>\n<meta property=\"article:publisher\" content=\"https:\/\/www.facebook.com\/SihingSteffen\" \/>\n<meta property=\"article:modified_time\" content=\"2021-07-12T21:43:06+00:00\" \/>\n<meta property=\"og:image\" content=\"https:\/\/hosting155493.a2ee2.netcup.net\/wp-content\/uploads\/2021\/07\/Kids_neu-_mit_logo_web.jpg\" \/>\n<meta name=\"twitter:card\" content=\"summary_large_image\" \/>\n<meta name=\"twitter:label1\" content=\"Gesch\u00e4tzte Lesezeit\" \/>\n\t<meta name=\"twitter:data1\" content=\"1\u00a0Minute\" \/>\n<script type=\"application\/ld+json\" class=\"yoast-schema-graph\">{\"@context\":\"https:\\\/\\\/schema.org\",\"@graph\":[{\"@type\":\"WebPage\",\"@id\":\"https:\\\/\\\/wingtsun-elmshorn.de\\\/index.php\\\/kids-wingtsun\\\/\",\"url\":\"https:\\\/\\\/wingtsun-elmshorn.de\\\/index.php\\\/kids-wingtsun\\\/\",\"name\":\"Kids-WingTsun - Wingtsun Schule Elmshorn\",\"isPartOf\":{\"@id\":\"https:\\\/\\\/wingtsun-elmshorn.de\\\/#website\"},\"primaryImageOfPage\":{\"@id\":\"https:\\\/\\\/wingtsun-elmshorn.de\\\/index.php\\\/kids-wingtsun\\\/#primaryimage\"},\"image\":{\"@id\":\"https:\\\/\\\/wingtsun-elmshorn.de\\\/index.php\\\/kids-wingtsun\\\/#primaryimage\"},\"thumbnailUrl\":\"https:\\\/\\\/hosting155493.a2ee2.netcup.net\\\/wp-content\\\/uploads\\\/2021\\\/07\\\/Kids_neu-_mit_logo_web.jpg\",\"datePublished\":\"2021-07-11T21:49:02+00:00\",\"dateModified\":\"2021-07-12T21:43:06+00:00\",\"breadcrumb\":{\"@id\":\"https:\\\/\\\/wingtsun-elmshorn.de\\\/index.php\\\/kids-wingtsun\\\/#breadcrumb\"},\"inLanguage\":\"de\",\"potentialAction\":[{\"@type\":\"ReadAction\",\"target\":[\"https:\\\/\\\/wingtsun-elmshorn.de\\\/index.php\\\/kids-wingtsun\\\/\"]}]},{\"@type\":\"ImageObject\",\"inLanguage\":\"de\",\"@id\":\"https:\\\/\\\/wingtsun-elmshorn.de\\\/index.php\\\/kids-wingtsun\\\/#primaryimage\",\"url\":\"https:\\\/\\\/hosting155493.a2ee2.netcup.net\\\/wp-content\\\/uploads\\\/2021\\\/07\\\/Kids_neu-_mit_logo_web.jpg\",\"contentUrl\":\"https:\\\/\\\/hosting155493.a2ee2.netcup.net\\\/wp-content\\\/uploads\\\/2021\\\/07\\\/Kids_neu-_mit_logo_web.jpg\"},{\"@type\":\"BreadcrumbList\",\"@id\":\"https:\\\/\\\/wingtsun-elmshorn.de\\\/index.php\\\/kids-wingtsun\\\/#breadcrumb\",\"itemListElement\":[{\"@type\":\"ListItem\",\"position\":1,\"name\":\"Startseite\",\"item\":\"https:\\\/\\\/wingtsun-elmshorn.de\\\/\"},{\"@type\":\"ListItem\",\"position\":2,\"name\":\"Kids-WingTsun\"}]},{\"@type\":\"WebSite\",\"@id\":\"https:\\\/\\\/wingtsun-elmshorn.de\\\/#website\",\"url\":\"https:\\\/\\\/wingtsun-elmshorn.de\\\/\",\"name\":\"Wingtsun Schule Elmshorn\",\"description\":\"\",\"publisher\":{\"@id\":\"https:\\\/\\\/wingtsun-elmshorn.de\\\/#organization\"},\"potentialAction\":[{\"@type\":\"SearchAction\",\"target\":{\"@type\":\"EntryPoint\",\"urlTemplate\":\"https:\\\/\\\/wingtsun-elmshorn.de\\\/?s={search_term_string}\"},\"query-input\":{\"@type\":\"PropertyValueSpecification\",\"valueRequired\":true,\"valueName\":\"search_term_string\"}}],\"inLanguage\":\"de\"},{\"@type\":\"Organization\",\"@id\":\"https:\\\/\\\/wingtsun-elmshorn.de\\\/#organization\",\"name\":\"EWTO\",\"url\":\"https:\\\/\\\/wingtsun-elmshorn.de\\\/\",\"logo\":{\"@type\":\"ImageObject\",\"inLanguage\":\"de\",\"@id\":\"https:\\\/\\\/wingtsun-elmshorn.de\\\/#\\\/schema\\\/logo\\\/image\\\/\",\"url\":\"https:\\\/\\\/wingtsun-elmshorn.de\\\/wp-content\\\/uploads\\\/2021\\\/07\\\/ewto-logo-300-dpi-1-e1626201341948.jpg\",\"contentUrl\":\"https:\\\/\\\/wingtsun-elmshorn.de\\\/wp-content\\\/uploads\\\/2021\\\/07\\\/ewto-logo-300-dpi-1-e1626201341948.jpg\",\"width\":200,\"height\":37,\"caption\":\"EWTO\"},\"image\":{\"@id\":\"https:\\\/\\\/wingtsun-elmshorn.de\\\/#\\\/schema\\\/logo\\\/image\\\/\"},\"sameAs\":[\"https:\\\/\\\/www.facebook.com\\\/SihingSteffen\",\"https:\\\/\\\/www.instagram.com\\\/wingtsun_schule_elmshorn\"]}]}<\/script>\n<!-- \/ Yoast SEO plugin. -->","yoast_head_json":{"title":"Kids-WingTsun - Wingtsun Schule Elmshorn","robots":{"index":"index","follow":"follow","max-snippet":"max-snippet:-1","max-image-preview":"max-image-preview:large","max-video-preview":"max-video-preview:-1"},"canonical":"https:\/\/wingtsun-elmshorn.de\/index.php\/kids-wingtsun\/","og_locale":"de_DE","og_type":"article","og_title":"Kids-WingTsun - Wingtsun Schule Elmshorn","og_description":"SELBSTVERTEIDIGUNG F\u00dcR KINDER &nbsp; Im allt\u00e4glichen Leben k\u00f6nnen Kinder immer wieder gef\u00e4hrlichen Situationen ausgesetzt sein. Diese k\u00f6nnen sowohl eine k\u00f6rperliche als auch eine psychische Bedrohung darstellen. Ein Selbstverteidigungskurs f\u00fcr Kinder ist hilfreich, damit die Kinder so fr\u00fch wie m\u00f6glich lernen, wie sie solche Situationen vermeiden k\u00f6nnen und \u2013 falls dies nicht m\u00f6glich sein sollte \u2013Continue reading &rarr;","og_url":"https:\/\/wingtsun-elmshorn.de\/index.php\/kids-wingtsun\/","og_site_name":"Wingtsun Schule Elmshorn","article_publisher":"https:\/\/www.facebook.com\/SihingSteffen","article_modified_time":"2021-07-12T21:43:06+00:00","og_image":[{"url":"https:\/\/hosting155493.a2ee2.netcup.net\/wp-content\/uploads\/2021\/07\/Kids_neu-_mit_logo_web.jpg","type":"","width":"","height":""}],"twitter_card":"summary_large_image","twitter_misc":{"Gesch\u00e4tzte Lesezeit":"1\u00a0Minute"},"schema":{"@context":"https:\/\/schema.org","@graph":[{"@type":"WebPage","@id":"https:\/\/wingtsun-elmshorn.de\/index.php\/kids-wingtsun\/","url":"https:\/\/wingtsun-elmshorn.de\/index.php\/kids-wingtsun\/","name":"Kids-WingTsun - Wingtsun Schule Elmshorn","isPartOf":{"@id":"https:\/\/wingtsun-elmshorn.de\/#website"},"primaryImageOfPage":{"@id":"https:\/\/wingtsun-elmshorn.de\/index.php\/kids-wingtsun\/#primaryimage"},"image":{"@id":"https:\/\/wingtsun-elmshorn.de\/index.php\/kids-wingtsun\/#primaryimage"},"thumbnailUrl":"https:\/\/hosting155493.a2ee2.netcup.net\/wp-content\/uploads\/2021\/07\/Kids_neu-_mit_logo_web.jpg","datePublished":"2021-07-11T21:49:02+00:00","dateModified":"2021-07-12T21:43:06+00:00","breadcrumb":{"@id":"https:\/\/wingtsun-elmshorn.de\/index.php\/kids-wingtsun\/#breadcrumb"},"inLanguage":"de","potentialAction":[{"@type":"ReadAction","target":["https:\/\/wingtsun-elmshorn.de\/index.php\/kids-wingtsun\/"]}]},{"@type":"ImageObject","inLanguage":"de","@id":"https:\/\/wingtsun-elmshorn.de\/index.php\/kids-wingtsun\/#primaryimage","url":"https:\/\/hosting155493.a2ee2.netcup.net\/wp-content\/uploads\/2021\/07\/Kids_neu-_mit_logo_web.jpg","contentUrl":"https:\/\/hosting155493.a2ee2.netcup.net\/wp-content\/uploads\/2021\/07\/Kids_neu-_mit_logo_web.jpg"},{"@type":"BreadcrumbList","@id":"https:\/\/wingtsun-elmshorn.de\/index.php\/kids-wingtsun\/#breadcrumb","itemListElement":[{"@type":"ListItem","position":1,"name":"Startseite","item":"https:\/\/wingtsun-elmshorn.de\/"},{"@type":"ListItem","position":2,"name":"Kids-WingTsun"}]},{"@type":"WebSite","@id":"https:\/\/wingtsun-elmshorn.de\/#website","url":"https:\/\/wingtsun-elmshorn.de\/","name":"Wingtsun Schule Elmshorn","description":"","publisher":{"@id":"https:\/\/wingtsun-elmshorn.de\/#organization"},"potentialAction":[{"@type":"SearchAction","target":{"@type":"EntryPoint","urlTemplate":"https:\/\/wingtsun-elmshorn.de\/?s={search_term_string}"},"query-input":{"@type":"PropertyValueSpecification","valueRequired":true,"valueName":"search_term_string"}}],"inLanguage":"de"},{"@type":"Organization","@id":"https:\/\/wingtsun-elmshorn.de\/#organization","name":"EWTO","url":"https:\/\/wingtsun-elmshorn.de\/","logo":{"@type":"ImageObject","inLanguage":"de","@id":"https:\/\/wingtsun-elmshorn.de\/#\/schema\/logo\/image\/","url":"https:\/\/wingtsun-elmshorn.de\/wp-content\/uploads\/2021\/07\/ewto-logo-300-dpi-1-e1626201341948.jpg","contentUrl":"https:\/\/wingtsun-elmshorn.de\/wp-content\/uploads\/2021\/07\/ewto-logo-300-dpi-1-e1626201341948.jpg","width":200,"height":37,"caption":"EWTO"},"image":{"@id":"https:\/\/wingtsun-elmshorn.de\/#\/schema\/logo\/image\/"},"sameAs":["https:\/\/www.facebook.com\/SihingSteffen","https:\/\/www.instagram.com\/wingtsun_schule_elmshorn"]}]}},"jetpack_sharing_enabled":true,"_links":{"self":[{"href":"https:\/\/wingtsun-elmshorn.de\/index.php\/wp-json\/wp\/v2\/pages\/48","targetHints":{"allow":["GET"]}}],"collection":[{"href":"https:\/\/wingtsun-elmshorn.de\/index.php\/wp-json\/wp\/v2\/pages"}],"about":[{"href":"https:\/\/wingtsun-elmshorn.de\/index.php\/wp-json\/wp\/v2\/types\/page"}],"author":[{"embeddable":true,"href":"https:\/\/wingtsun-elmshorn.de\/index.php\/wp-json\/wp\/v2\/users\/1"}],"replies":[{"embeddable":true,"href":"https:\/\/wingtsun-elmshorn.de\/index.php\/wp-json\/wp\/v2\/comments?post=48"}],"version-history":[{"count":7,"href":"https:\/\/wingtsun-elmshorn.de\/index.php\/wp-json\/wp\/v2\/pages\/48\/revisions"}],"predecessor-version":[{"id":100,"href":"https:\/\/wingtsun-elmshorn.de\/index.php\/wp-json\/wp\/v2\/pages\/48\/revisions\/100"}],"wp:attachment":[{"href":"https:\/\/wingtsun-elmshorn.de\/index.php\/wp-json\/wp\/v2\/media?parent=48"}],"curies":[{"name":"wp","href":"https:\/\/api.w.org\/{rel}","templated":true}]}}